{"id":229,"date":"2023-05-31T16:47:39","date_gmt":"2023-05-31T20:47:39","guid":{"rendered":"https:\/\/lestoutousdedominique.ca\/?page_id=229"},"modified":"2023-06-12T11:56:16","modified_gmt":"2023-06-12T15:56:16","slug":"a-propos","status":"publish","type":"page","link":"https:\/\/lestoutousdedominique.ca\/en\/a-propos\/","title":{"rendered":"About"},"content":{"rendered":"<p>Like any self-respecting hyperactive, I have several passions in my life! One of them has been with me since I was 8 years old: knitting! I love entering a wool store, touching the different fibers, enjoying the colors and especially, discovering the new model reviews! Irish knit sweaters, sashes, jacquard socks, I did everything!<br>In 2020, at the beginning of the pandemic, I had to deal (like everyone!) with new realities. As a teacher and techno pedagogue, I trained my school staff on the use of computer technologies to communicate in the virtual space. At the same time, I decided to tame the technique of crochet, especially the creation of amigurumis! Then I fell into this universe and never came out! I started posting my creations on Facebook and I was quickly assailed by requests! In addition to making the puppies of different designers (1), I responded to the more personalized commands: characters from a picture of a child or animal, characters without models, etc. To date, I find that no challenge is too big for me!<br>This site is the realization of a dream, that is to say crochet amigurumis that will make people happy while giving me the opportunity to be creative!<\/p>\n\n\n\n<figure class=\"wp-block-image size-full is-resized\"><img decoding=\"async\" loading=\"lazy\" src=\"https:\/\/lestoutousdedominique.ca\/wp-content\/uploads\/2023\/06\/rsz_11rsz_2microsoftteams-image_3.png\" alt=\"\" class=\"wp-image-441\" width=\"175\" height=\"166\" srcset=\"https:\/\/lestoutousdedominique.ca\/wp-content\/uploads\/2023\/06\/rsz_11rsz_2microsoftteams-image_3.png 227w, https:\/\/lestoutousdedominique.ca\/wp-content\/uploads\/2023\/06\/rsz_11rsz_2microsoftteams-image_3-13x12.png 13w\" sizes=\"(max-width: 175px) 100vw, 175px\" \/><figcaption class=\"wp-element-caption\">Dominique Lamothe<\/figcaption><\/figure>","protected":false},"excerpt":{"rendered":"<p>Comme tout hyperactive qui se respecte, j\u2019ai plusieurs passions dans la vie! L\u2019une d\u2019elles m\u2019accompagne depuis l\u2019\u00e2ge de 8 ans : le tricot! J\u2019adore entrer dans un magasin de laines, toucher les diff\u00e9rentes fibres, appr\u00e9cier les couleurs et surtout, d\u00e9couvrir les nouvelles revues de mod\u00e8les ! Pulls en mailles irlandaises, \u00e9charpes, chaussettes jacquards, j\u2019ai tout [&hellip;]<\/p>","protected":false},"author":1,"featured_media":0,"parent":0,"menu_order":0,"comment_status":"closed","ping_status":"closed","template":"","meta":{"inline_featured_image":false},"yoast_head":"<!-- This site is optimized with the Yoast SEO plugin v20.8 - https:\/\/yoast.com\/wordpress\/plugins\/seo\/ -->\n<title>\u00c0 propos - Les toutous de Dominique<\/title>\n<meta name=\"robots\" content=\"index, follow, max-snippet:-1, max-image-preview:large, max-video-preview:-1\" \/>\n<link rel=\"canonical\" href=\"https:\/\/lestoutousdedominique.ca\/en\/a-propos\/\" \/>\n<meta property=\"og:locale\" content=\"en_US\" \/>\n<meta property=\"og:type\" content=\"article\" \/>\n<meta property=\"og:title\" content=\"\u00c0 propos - Les toutous de Dominique\" \/>\n<meta property=\"og:description\" content=\"Comme tout hyperactive qui se respecte, j\u2019ai plusieurs passions dans la vie! L\u2019une d\u2019elles m\u2019accompagne depuis l\u2019\u00e2ge de 8 ans : le tricot! J\u2019adore entrer dans un magasin de laines, toucher les diff\u00e9rentes fibres, appr\u00e9cier les couleurs et surtout, d\u00e9couvrir les nouvelles revues de mod\u00e8les ! Pulls en mailles irlandaises, \u00e9charpes, chaussettes jacquards, j\u2019ai tout [&hellip;]\" \/>\n<meta property=\"og:url\" content=\"https:\/\/lestoutousdedominique.ca\/en\/a-propos\/\" \/>\n<meta property=\"og:site_name\" content=\"Les toutous de Dominique\" \/>\n<meta property=\"article:modified_time\" content=\"2023-06-12T15:56:16+00:00\" \/>\n<meta property=\"og:image\" content=\"https:\/\/lestoutousdedominique.ca\/wp-content\/uploads\/2023\/06\/rsz_11rsz_2microsoftteams-image_3.png\" \/>\n<meta name=\"twitter:card\" content=\"summary_large_image\" \/>\n<meta name=\"twitter:label1\" content=\"Est. reading time\" \/>\n\t<meta name=\"twitter:data1\" content=\"2 minutes\" \/>\n<script type=\"application\/ld+json\" class=\"yoast-schema-graph\">{\"@context\":\"https:\/\/schema.org\",\"@graph\":[{\"@type\":\"WebPage\",\"@id\":\"https:\/\/lestoutousdedominique.ca\/a-propos\/\",\"url\":\"https:\/\/lestoutousdedominique.ca\/a-propos\/\",\"name\":\"\u00c0 propos - Les toutous de Dominique\",\"isPartOf\":{\"@id\":\"https:\/\/lestoutousdedominique.ca\/#website\"},\"datePublished\":\"2023-05-31T20:47:39+00:00\",\"dateModified\":\"2023-06-12T15:56:16+00:00\",\"breadcrumb\":{\"@id\":\"https:\/\/lestoutousdedominique.ca\/a-propos\/#breadcrumb\"},\"inLanguage\":\"en-CA\",\"potentialAction\":[{\"@type\":\"ReadAction\",\"target\":[\"https:\/\/lestoutousdedominique.ca\/a-propos\/\"]}]},{\"@type\":\"BreadcrumbList\",\"@id\":\"https:\/\/lestoutousdedominique.ca\/a-propos\/#breadcrumb\",\"itemListElement\":[{\"@type\":\"ListItem\",\"position\":1,\"name\":\"Accueil\",\"item\":\"https:\/\/lestoutousdedominique.ca\/\"},{\"@type\":\"ListItem\",\"position\":2,\"name\":\"\u00c0 propos\"}]},{\"@type\":\"WebSite\",\"@id\":\"https:\/\/lestoutousdedominique.ca\/#website\",\"url\":\"https:\/\/lestoutousdedominique.ca\/\",\"name\":\"Les toutous de Dominique\",\"description\":\"\",\"publisher\":{\"@id\":\"https:\/\/lestoutousdedominique.ca\/#\/schema\/person\/df55eac1109f68cee789a5a58089121a\"},\"potentialAction\":[{\"@type\":\"SearchAction\",\"target\":{\"@type\":\"EntryPoint\",\"urlTemplate\":\"https:\/\/lestoutousdedominique.ca\/?s={search_term_string}\"},\"query-input\":\"required name=search_term_string\"}],\"inLanguage\":\"en-CA\"},{\"@type\":[\"Person\",\"Organization\"],\"@id\":\"https:\/\/lestoutousdedominique.ca\/#\/schema\/person\/df55eac1109f68cee789a5a58089121a\",\"name\":\"Dominique\",\"image\":{\"@type\":\"ImageObject\",\"inLanguage\":\"en-CA\",\"@id\":\"https:\/\/lestoutousdedominique.ca\/#\/schema\/person\/image\/\",\"url\":\"https:\/\/lestoutousdedominique.ca\/wp-content\/uploads\/2023\/05\/logo-no-background.svg\",\"contentUrl\":\"https:\/\/lestoutousdedominique.ca\/wp-content\/uploads\/2023\/05\/logo-no-background.svg\",\"width\":1000,\"height\":625,\"caption\":\"Dominique\"},\"logo\":{\"@id\":\"https:\/\/lestoutousdedominique.ca\/#\/schema\/person\/image\/\"},\"sameAs\":[\"https:\/\/lestoutousdedominique.ca\"]}]}<\/script>\n<!-- \/ Yoast SEO plugin. -->","yoast_head_json":{"title":"\u00c0 propos - Les toutous de Dominique","robots":{"index":"index","follow":"follow","max-snippet":"max-snippet:-1","max-image-preview":"max-image-preview:large","max-video-preview":"max-video-preview:-1"},"canonical":"https:\/\/lestoutousdedominique.ca\/en\/a-propos\/","og_locale":"en_US","og_type":"article","og_title":"\u00c0 propos - Les toutous de Dominique","og_description":"Comme tout hyperactive qui se respecte, j\u2019ai plusieurs passions dans la vie! L\u2019une d\u2019elles m\u2019accompagne depuis l\u2019\u00e2ge de 8 ans : le tricot! J\u2019adore entrer dans un magasin de laines, toucher les diff\u00e9rentes fibres, appr\u00e9cier les couleurs et surtout, d\u00e9couvrir les nouvelles revues de mod\u00e8les ! Pulls en mailles irlandaises, \u00e9charpes, chaussettes jacquards, j\u2019ai tout [&hellip;]","og_url":"https:\/\/lestoutousdedominique.ca\/en\/a-propos\/","og_site_name":"Les toutous de Dominique","article_modified_time":"2023-06-12T15:56:16+00:00","og_image":[{"url":"https:\/\/lestoutousdedominique.ca\/wp-content\/uploads\/2023\/06\/rsz_11rsz_2microsoftteams-image_3.png"}],"twitter_card":"summary_large_image","twitter_misc":{"Est. reading time":"2 minutes"},"schema":{"@context":"https:\/\/schema.org","@graph":[{"@type":"WebPage","@id":"https:\/\/lestoutousdedominique.ca\/a-propos\/","url":"https:\/\/lestoutousdedominique.ca\/a-propos\/","name":"\u00c0 propos - Les toutous de Dominique","isPartOf":{"@id":"https:\/\/lestoutousdedominique.ca\/#website"},"datePublished":"2023-05-31T20:47:39+00:00","dateModified":"2023-06-12T15:56:16+00:00","breadcrumb":{"@id":"https:\/\/lestoutousdedominique.ca\/a-propos\/#breadcrumb"},"inLanguage":"en-CA","potentialAction":[{"@type":"ReadAction","target":["https:\/\/lestoutousdedominique.ca\/a-propos\/"]}]},{"@type":"BreadcrumbList","@id":"https:\/\/lestoutousdedominique.ca\/a-propos\/#breadcrumb","itemListElement":[{"@type":"ListItem","position":1,"name":"Accueil","item":"https:\/\/lestoutousdedominique.ca\/"},{"@type":"ListItem","position":2,"name":"\u00c0 propos"}]},{"@type":"WebSite","@id":"https:\/\/lestoutousdedominique.ca\/#website","url":"https:\/\/lestoutousdedominique.ca\/","name":"Les toutous de Dominique","description":"","publisher":{"@id":"https:\/\/lestoutousdedominique.ca\/#\/schema\/person\/df55eac1109f68cee789a5a58089121a"},"potentialAction":[{"@type":"SearchAction","target":{"@type":"EntryPoint","urlTemplate":"https:\/\/lestoutousdedominique.ca\/?s={search_term_string}"},"query-input":"required name=search_term_string"}],"inLanguage":"en-CA"},{"@type":["Person","Organization"],"@id":"https:\/\/lestoutousdedominique.ca\/#\/schema\/person\/df55eac1109f68cee789a5a58089121a","name":"Dominique","image":{"@type":"ImageObject","inLanguage":"en-CA","@id":"https:\/\/lestoutousdedominique.ca\/#\/schema\/person\/image\/","url":"https:\/\/lestoutousdedominique.ca\/wp-content\/uploads\/2023\/05\/logo-no-background.svg","contentUrl":"https:\/\/lestoutousdedominique.ca\/wp-content\/uploads\/2023\/05\/logo-no-background.svg","width":1000,"height":625,"caption":"Dominique"},"logo":{"@id":"https:\/\/lestoutousdedominique.ca\/#\/schema\/person\/image\/"},"sameAs":["https:\/\/lestoutousdedominique.ca"]}]}},"_links":{"self":[{"href":"https:\/\/lestoutousdedominique.ca\/en\/wp-json\/wp\/v2\/pages\/229"}],"collection":[{"href":"https:\/\/lestoutousdedominique.ca\/en\/wp-json\/wp\/v2\/pages"}],"about":[{"href":"https:\/\/lestoutousdedominique.ca\/en\/wp-json\/wp\/v2\/types\/page"}],"author":[{"embeddable":true,"href":"https:\/\/lestoutousdedominique.ca\/en\/wp-json\/wp\/v2\/users\/1"}],"replies":[{"embeddable":true,"href":"https:\/\/lestoutousdedominique.ca\/en\/wp-json\/wp\/v2\/comments?post=229"}],"version-history":[{"count":6,"href":"https:\/\/lestoutousdedominique.ca\/en\/wp-json\/wp\/v2\/pages\/229\/revisions"}],"predecessor-version":[{"id":445,"href":"https:\/\/lestoutousdedominique.ca\/en\/wp-json\/wp\/v2\/pages\/229\/revisions\/445"}],"wp:attachment":[{"href":"https:\/\/lestoutousdedominique.ca\/en\/wp-json\/wp\/v2\/media?parent=229"}],"curies":[{"name":"wp","href":"https:\/\/api.w.org\/{rel}","templated":true}]}}